{"id":2,"date":"2016-05-10T03:48:21","date_gmt":"2016-05-10T03:48:21","guid":{"rendered":"http:\/\/casamariposa.dk\/temp\/?page_id=2"},"modified":"2021-12-11T12:36:47","modified_gmt":"2021-12-11T12:36:47","slug":"sample-page","status":"publish","type":"page","link":"https:\/\/casamariposa.dk\/","title":{"rendered":"Forside"},"content":{"rendered":"<div>Casa Mariposa er vores dejlige sommerhus, som ligger i Benalmadena by ved Malaga.\u00a0Huset er beliggende i sk\u00f8nne,\u00a0rolige, b\u00f8rnevenlige omgivelser lidt op ad bjergskr\u00e5ningen med en fantastisk udsigt over middelhavet.<\/div>\n<div><img loading=\"lazy\" decoding=\"async\" class=\"alignnone size-full wp-image-101\" src=\"https:\/\/casamariposa.dk\/wp-content\/uploads\/2018\/01\/pool1.jpg\" alt=\"\" width=\"4032\" height=\"3024\" srcset=\"https:\/\/casamariposa.dk\/wp-content\/uploads\/2018\/01\/pool1.jpg 4032w, https:\/\/casamariposa.dk\/wp-content\/uploads\/2018\/01\/pool1-300x225.jpg 300w, https:\/\/casamariposa.dk\/wp-content\/uploads\/2018\/01\/pool1-768x576.jpg 768w, https:\/\/casamariposa.dk\/wp-content\/uploads\/2018\/01\/pool1-1024x768.jpg 1024w, https:\/\/casamariposa.dk\/wp-content\/uploads\/2018\/01\/pool1-1200x900.jpg 1200w\" sizes=\"auto, (max-width: 709px) 85vw, (max-width: 909px) 67vw, (max-width: 1362px) 62vw, 840px\" \/><\/div>\n<div><\/div>\n<div>Huset er ikke et udlejningshus, men kan benyttes af venner og familie efter n\u00e6rmere aftale. Huset er ide\u00e9lt til en solrig afslapningsferie med familie og venner, med mange muligheder for oplevelser, strand, pool, kultur (eks. Picasso museet) og ikke mindst det vidunderlige spanske k\u00f8kken.<\/div>\n<div><\/div>\n<div><\/div>\n<div  class=\"lgc-column lgc-grid-parent lgc-grid-50 lgc-tablet-grid-50 lgc-mobile-grid-100 lgc-equal-heights \"><div  class=\"inside-grid-column\"><strong>Faciliteter:<\/strong>\n<p>* Kapacitet: 1-familieshus, med plads til max 6-9 personer<br \/>\n* 2 sovev\u00e6relser med dobbeltseng + 1 b\u00f8rnev\u00e6relse med k\u00f8jeseng + udtr\u00e6ksseng. (Derudover mulighed for ekstra-opredning i sovesofa)<br \/>\n* 2 badev\u00e6relser<br \/>\n* 85 m\u00b2 indend\u00f8rs boligareal<br \/>\n* 500 m2 udend\u00f8rs\/haveareal<br \/>\n* Egen swimmingpool<br \/>\n* Egen carport<br \/>\n* \u00d8vrigt: sk\u00f8n havudsigt,\u00a0gasgrill, senget\u00f8j, vaskemaskine, opvaskemaskine.<\/p>\n<p><\/p><\/div><\/div>\n<div  class=\"lgc-column lgc-grid-parent lgc-grid-50 lgc-tablet-grid-50 lgc-mobile-grid-100 lgc-equal-heights \"><div  class=\"inside-grid-column\"><strong>Afstand til:<\/strong>\n<p>Malaga lufthavn: 20 km<br \/>\nStrand: 1 km<br \/>\nGolf: 4 km<br \/>\nIndk\u00f8b: 1 km<br \/>\nIndenfor 15 minutters k\u00f8rsel, finder du bl.a. bjergbyerne Mijas og Benalmadena Pueblo, Fuengirola by, Aquaparks, Zoo, Tivoli, Teleferica Cable Car,\u00a0havnefronten og meget mere.<br \/>\nGibraltar: ca. 1,5 times k\u00f8rsel<br \/>\nGranada:\u00a0ca. 1,5 times k\u00f8rsel<br \/>\nSevilla:\u00a0ca. 2,5 times k\u00f8rsel<\/p>\n<p><\/p><\/div><\/div>\n","protected":false},"excerpt":{"rendered":"<p>Casa Mariposa er vores dejlige sommerhus, som ligger i Benalmadena by ved Malaga.\u00a0Huset er beliggende i sk\u00f8nne,\u00a0rolige, b\u00f8rnevenlige omgivelser lidt op ad bjergskr\u00e5ningen med en fantastisk udsigt over middelhavet. Huset er ikke et udlejningshus, men kan benyttes af venner og familie efter n\u00e6rmere aftale. Huset er ide\u00e9lt til en solrig afslapningsferie med familie og venner, &hellip; <a href=\"https:\/\/casamariposa.dk\/\" class=\"more-link\">L\u00e6s videre<span class=\"screen-reader-text\"> &#8220;Forside&#8221;<\/span><\/a><\/p>\n","protected":false},"author":1,"featured_media":0,"parent":0,"menu_order":0,"comment_status":"closed","ping_status":"open","template":"","meta":{"footnotes":""},"class_list":["post-2","page","type-page","status-publish","hentry"],"_links":{"self":[{"href":"https:\/\/casamariposa.dk\/index.php?rest_route=\/wp\/v2\/pages\/2","targetHints":{"allow":["GET"]}}],"collection":[{"href":"https:\/\/casamariposa.dk\/index.php?rest_route=\/wp\/v2\/pages"}],"about":[{"href":"https:\/\/casamariposa.dk\/index.php?rest_route=\/wp\/v2\/types\/page"}],"author":[{"embeddable":true,"href":"https:\/\/casamariposa.dk\/index.php?rest_route=\/wp\/v2\/users\/1"}],"replies":[{"embeddable":true,"href":"https:\/\/casamariposa.dk\/index.php?rest_route=%2Fwp%2Fv2%2Fcomments&post=2"}],"version-history":[{"count":21,"href":"https:\/\/casamariposa.dk\/index.php?rest_route=\/wp\/v2\/pages\/2\/revisions"}],"predecessor-version":[{"id":151,"href":"https:\/\/casamariposa.dk\/index.php?rest_route=\/wp\/v2\/pages\/2\/revisions\/151"}],"wp:attachment":[{"href":"https:\/\/casamariposa.dk\/index.php?rest_route=%2Fwp%2Fv2%2Fmedia&parent=2"}],"curies":[{"name":"wp","href":"https:\/\/api.w.org\/{rel}","templated":true}]}}