{"id":30,"date":"2018-01-05T14:33:15","date_gmt":"2018-01-05T14:33:15","guid":{"rendered":"http:\/\/casamariposa.dk\/temp\/?page_id=30"},"modified":"2018-02-26T15:48:06","modified_gmt":"2018-02-26T15:48:06","slug":"kalender","status":"publish","type":"page","link":"https:\/\/casamariposa.dk\/?page_id=30","title":{"rendered":"Kalender"},"content":{"rendered":"<p>Klik p\u00e5 nedenst\u00e5ende link til kalender for at se ledige datoer.<\/p>\n<p><a href=\"http:\/\/www.supersaas.dk\/schedule\/casamariposa\/casamariposa\" target=\"_blank\" rel=\"noopener\">Klik her for at \u00e5bne kalender<\/a><\/p>\n<p>Datoer markeret med m\u00f8rkebl\u00e5 er optaget.<\/p>\n<p>Bem\u00e6rk!..bl\u00e5 datoer p\u00e5 &#8220;ankomst\/afrejsedage&#8221; som er markeret som optaget, kan m\u00e5ske godt v\u00e6re ledige, da det jo er skiftedage&#8230; s\u00e5 sp\u00f8rg endeligt hvis i er i tvivl.<\/p>\n<p>\u00d8nsker I at booke eller har I sp\u00f8rgsm\u00e5l, s\u00e5 email os gerne p\u00e5 info@casamariposa.dk<\/p>\n","protected":false},"excerpt":{"rendered":"<p>Klik p\u00e5 nedenst\u00e5ende link til kalender for at se ledige datoer. Klik her for at \u00e5bne kalender Datoer markeret med m\u00f8rkebl\u00e5 er optaget. Bem\u00e6rk!..bl\u00e5 datoer p\u00e5 &#8220;ankomst\/afrejsedage&#8221; som er markeret som optaget, kan m\u00e5ske godt v\u00e6re ledige, da det jo er skiftedage&#8230; s\u00e5 sp\u00f8rg endeligt hvis i er i tvivl. \u00d8nsker I at booke eller &hellip; <a href=\"https:\/\/casamariposa.dk\/?page_id=30\" class=\"more-link\">L\u00e6s videre<span class=\"screen-reader-text\"> &#8220;Kalender&#8221;<\/span><\/a><\/p>\n","protected":false},"author":1,"featured_media":0,"parent":0,"menu_order":0,"comment_status":"closed","ping_status":"closed","template":"","meta":{"footnotes":""},"class_list":["post-30","page","type-page","status-publish","hentry"],"_links":{"self":[{"href":"https:\/\/casamariposa.dk\/index.php?rest_route=\/wp\/v2\/pages\/30","targetHints":{"allow":["GET"]}}],"collection":[{"href":"https:\/\/casamariposa.dk\/index.php?rest_route=\/wp\/v2\/pages"}],"about":[{"href":"https:\/\/casamariposa.dk\/index.php?rest_route=\/wp\/v2\/types\/page"}],"author":[{"embeddable":true,"href":"https:\/\/casamariposa.dk\/index.php?rest_route=\/wp\/v2\/users\/1"}],"replies":[{"embeddable":true,"href":"https:\/\/casamariposa.dk\/index.php?rest_route=%2Fwp%2Fv2%2Fcomments&post=30"}],"version-history":[{"count":5,"href":"https:\/\/casamariposa.dk\/index.php?rest_route=\/wp\/v2\/pages\/30\/revisions"}],"predecessor-version":[{"id":127,"href":"https:\/\/casamariposa.dk\/index.php?rest_route=\/wp\/v2\/pages\/30\/revisions\/127"}],"wp:attachment":[{"href":"https:\/\/casamariposa.dk\/index.php?rest_route=%2Fwp%2Fv2%2Fmedia&parent=30"}],"curies":[{"name":"wp","href":"https:\/\/api.w.org\/{rel}","templated":true}]}}