{"id":6,"date":"2017-12-06T12:03:19","date_gmt":"2017-12-06T12:03:19","guid":{"rendered":"http:\/\/casamariposa.dk\/temp\/?page_id=6"},"modified":"2026-01-12T17:38:57","modified_gmt":"2026-01-12T17:38:57","slug":"priser","status":"publish","type":"page","link":"https:\/\/casamariposa.dk\/?page_id=6","title":{"rendered":"Priser"},"content":{"rendered":"<p>L\u00e5neperiode er efter aftale, og inkl. forbrug op til 4 personer. Flere end 4 personer till\u00e6gges ekstra forbrug 100 kr\/pr person.<\/p>\n<p>\u00d8nsker I at bruge poolvarmeren (typisk i vinterm\u00e5neder), till\u00e6gges el-forbrug 70 kr\/dag.<\/p>\n<p>Prisen er ekskl.\u00a0 slutreng\u00f8ring som i betaler direkte til reng\u00f8ringsdamen:<\/p>\n<ul>\n<li>Slutreng\u00f8ring: 65 Euro (l\u00e6gges i kuvert p\u00e5 k\u00f8kkenbord)<\/li>\n<li>+Evt. till\u00e6g 10 euro\/pr. person for vask af senget\u00f8j\/h\u00e5ndkl\u00e6der. I kan ogs\u00e5 v\u00e6lge selv at vaske senget\u00f8j\/h\u00e5ndkl\u00e6der p\u00e5 afrejsedagen.<\/li>\n<\/ul>\n<table style=\"height: 519px;\" width=\"473\">\n<tbody>\n<tr>\n<td width=\"95\"><strong>M\u00e5ned<\/strong><\/td>\n<td width=\"107\"><strong>Ugepris kr<\/strong><\/td>\n<td width=\"82\"><strong>Dagspris<\/strong><\/td>\n<\/tr>\n<tr>\n<td width=\"95\">Januar<\/td>\n<td width=\"107\">2.700<\/td>\n<td width=\"82\">efter aftale<\/td>\n<\/tr>\n<tr>\n<td width=\"95\">Februar<\/td>\n<td width=\"107\">2.700<\/td>\n<td width=\"82\">efter aftale<\/td>\n<\/tr>\n<tr>\n<td width=\"95\">Marts<\/td>\n<td width=\"107\">3.500<\/td>\n<td width=\"82\">efter aftale<\/td>\n<\/tr>\n<tr>\n<td width=\"95\">April<\/td>\n<td width=\"107\">4.300<\/td>\n<td width=\"82\">efter aftale<\/td>\n<\/tr>\n<tr>\n<td width=\"95\">Maj<\/td>\n<td width=\"107\">4.800<\/td>\n<td width=\"82\">efter aftale<\/td>\n<\/tr>\n<tr>\n<td width=\"95\">Juni<\/td>\n<td width=\"107\">5.300<\/td>\n<td width=\"82\">efter aftale<\/td>\n<\/tr>\n<tr>\n<td width=\"95\">Juli<\/td>\n<td width=\"107\">5.900<\/td>\n<td width=\"82\">efter aftale<\/td>\n<\/tr>\n<tr>\n<td width=\"95\">August<\/td>\n<td width=\"107\">5.500<\/td>\n<td width=\"82\">efter aftale<\/td>\n<\/tr>\n<tr>\n<td width=\"95\">September<\/td>\n<td width=\"107\">4.800<\/td>\n<td width=\"82\">efter aftale<\/td>\n<\/tr>\n<tr>\n<td width=\"95\">Oktober<\/td>\n<td width=\"107\">4.000<\/td>\n<td width=\"82\">efter aftale<\/td>\n<\/tr>\n<tr>\n<td width=\"95\">November<\/td>\n<td width=\"107\">3.100<\/td>\n<td width=\"82\">efter aftale<\/td>\n<\/tr>\n<tr>\n<td width=\"95\">December<\/td>\n<td width=\"107\">2.700<\/td>\n<td width=\"82\">efter aftale<\/td>\n<\/tr>\n<\/tbody>\n<\/table>\n","protected":false},"excerpt":{"rendered":"<p>L\u00e5neperiode er efter aftale, og inkl. forbrug op til 4 personer. Flere end 4 personer till\u00e6gges ekstra forbrug 100 kr\/pr person. \u00d8nsker I at bruge poolvarmeren (typisk i vinterm\u00e5neder), till\u00e6gges el-forbrug 70 kr\/dag. Prisen er ekskl.\u00a0 slutreng\u00f8ring som i betaler direkte til reng\u00f8ringsdamen: Slutreng\u00f8ring: 65 Euro (l\u00e6gges i kuvert p\u00e5 k\u00f8kkenbord) +Evt. till\u00e6g 10 euro\/pr. &hellip; <a href=\"https:\/\/casamariposa.dk\/?page_id=6\" class=\"more-link\">L\u00e6s videre<span class=\"screen-reader-text\"> &#8220;Priser&#8221;<\/span><\/a><\/p>\n","protected":false},"author":1,"featured_media":0,"parent":0,"menu_order":0,"comment_status":"closed","ping_status":"closed","template":"","meta":{"footnotes":""},"class_list":["post-6","page","type-page","status-publish","hentry"],"_links":{"self":[{"href":"https:\/\/casamariposa.dk\/index.php?rest_route=\/wp\/v2\/pages\/6","targetHints":{"allow":["GET"]}}],"collection":[{"href":"https:\/\/casamariposa.dk\/index.php?rest_route=\/wp\/v2\/pages"}],"about":[{"href":"https:\/\/casamariposa.dk\/index.php?rest_route=\/wp\/v2\/types\/page"}],"author":[{"embeddable":true,"href":"https:\/\/casamariposa.dk\/index.php?rest_route=\/wp\/v2\/users\/1"}],"replies":[{"embeddable":true,"href":"https:\/\/casamariposa.dk\/index.php?rest_route=%2Fwp%2Fv2%2Fcomments&post=6"}],"version-history":[{"count":17,"href":"https:\/\/casamariposa.dk\/index.php?rest_route=\/wp\/v2\/pages\/6\/revisions"}],"predecessor-version":[{"id":167,"href":"https:\/\/casamariposa.dk\/index.php?rest_route=\/wp\/v2\/pages\/6\/revisions\/167"}],"wp:attachment":[{"href":"https:\/\/casamariposa.dk\/index.php?rest_route=%2Fwp%2Fv2%2Fmedia&parent=6"}],"curies":[{"name":"wp","href":"https:\/\/api.w.org\/{rel}","templated":true}]}}